{"id":18,"date":"2023-05-27T05:00:42","date_gmt":"2023-05-27T05:00:42","guid":{"rendered":"https:\/\/www.memberscanhelp.com\/?page_id=18"},"modified":"2023-12-01T10:06:28","modified_gmt":"2023-12-01T10:06:28","slug":"news","status":"publish","type":"page","link":"https:\/\/www.memberscanhelp.com\/fr\/news","title":{"rendered":"News"},"content":{"rendered":"<ul class=\"wp-block-latest-posts__list wp-block-latest-posts\"><li><a class=\"wp-block-latest-posts__post-title\" href=\"https:\/\/www.memberscanhelp.com\/fr\/com\/277\">Planificateurs de voyages IA<\/a><\/li>\n<li><a class=\"wp-block-latest-posts__post-title\" href=\"https:\/\/www.memberscanhelp.com\/fr\/com\/252\">Naviguer \u00e0 travers le mythe du RGPD : Comment les m\u00e9dias sociaux se sont adapt\u00e9s au r\u00e8glement sur la protection des donn\u00e9es<\/a><\/li>\n<li><a class=\"wp-block-latest-posts__post-title\" href=\"https:\/\/www.memberscanhelp.com\/fr\/com\/97\">Au-del\u00e0 des assistants virtuels : l&#8217;av\u00e8nement des compagnons IA<\/a><\/li>\n<li><a class=\"wp-block-latest-posts__post-title\" href=\"https:\/\/www.memberscanhelp.com\/fr\/com\/90\">Lib\u00e9rer la puissance de l&#8217;IA : R\u00e9volutionner la recherche de voyages<\/a><\/li>\n<li><a class=\"wp-block-latest-posts__post-title\" href=\"https:\/\/www.memberscanhelp.com\/fr\/com\/83\">Des Jeux de Casino en Direct Uniques<\/a><\/li>\n<\/ul>","protected":false},"excerpt":{"rendered":"","protected":false},"author":1,"featured_media":0,"parent":0,"menu_order":0,"comment_status":"closed","ping_status":"closed","template":"","meta":{"footnotes":""},"class_list":["post-18","page","type-page","status-publish","hentry"],"translation":{"provider":"WPGlobus","version":"3.0.2","language":"fr","enabled_languages":["en","es","br","sv","ru","da","no","fi","fr","pl","de"],"languages":{"en":{"title":true,"content":true,"excerpt":false},"es":{"title":true,"content":true,"excerpt":false},"br":{"title":true,"content":true,"excerpt":false},"sv":{"title":true,"content":false,"excerpt":false},"ru":{"title":false,"content":false,"excerpt":false},"da":{"title":false,"content":false,"excerpt":false},"no":{"title":false,"content":false,"excerpt":false},"fi":{"title":false,"content":false,"excerpt":false},"fr":{"title":false,"content":false,"excerpt":false},"pl":{"title":false,"content":false,"excerpt":false},"de":{"title":true,"content":false,"excerpt":false}}},"_links":{"self":[{"href":"https:\/\/www.memberscanhelp.com\/fr\/wp-json\/wp\/v2\/pages\/18","targetHints":{"allow":["GET"]}}],"collection":[{"href":"https:\/\/www.memberscanhelp.com\/fr\/wp-json\/wp\/v2\/pages"}],"about":[{"href":"https:\/\/www.memberscanhelp.com\/fr\/wp-json\/wp\/v2\/types\/page"}],"author":[{"embeddable":true,"href":"https:\/\/www.memberscanhelp.com\/fr\/wp-json\/wp\/v2\/users\/1"}],"replies":[{"embeddable":true,"href":"https:\/\/www.memberscanhelp.com\/fr\/wp-json\/wp\/v2\/comments?post=18"}],"version-history":[{"count":6,"href":"https:\/\/www.memberscanhelp.com\/fr\/wp-json\/wp\/v2\/pages\/18\/revisions"}],"predecessor-version":[{"id":143,"href":"https:\/\/www.memberscanhelp.com\/fr\/wp-json\/wp\/v2\/pages\/18\/revisions\/143"}],"wp:attachment":[{"href":"https:\/\/www.memberscanhelp.com\/fr\/wp-json\/wp\/v2\/media?parent=18"}],"curies":[{"name":"wp","href":"https:\/\/api.w.org\/{rel}","templated":true}]}}